{"id":10257,"date":"2021-01-04T11:35:55","date_gmt":"2021-01-04T10:35:55","guid":{"rendered":"https:\/\/newdigital.media\/contacta-con-nosotros\/"},"modified":"2025-04-23T20:55:45","modified_gmt":"2025-04-23T18:55:45","slug":"contacto","status":"publish","type":"page","link":"https:\/\/newdigital.media\/es\/contacto\/","title":{"rendered":"Contacto"},"content":{"rendered":"\t\t<div data-elementor-type=\"wp-page\" data-elementor-id=\"10257\" class=\"elementor elementor-10257 elementor-2630\">\n\t\t\t\t\t\t<section class=\"elementor-section elementor-top-section elementor-element elementor-element-7b3e0a5 elementor-section-full_width qodef-elementor-content-grid elementor-section-height-default elementor-section-height-default\" data-id=\"7b3e0a5\" data-element_type=\"section\" data-e-type=\"section\">\n\t\t\t\t\t\t<div class=\"elementor-container elementor-column-gap-default\">\n\t\t\t\t\t<div class=\"elementor-column elementor-col-50 elementor-top-column elementor-element elementor-element-4563847\" data-id=\"4563847\" data-element_type=\"column\" data-e-type=\"column\">\n\t\t\t<div class=\"elementor-widget-wrap elementor-element-populated\">\n\t\t\t\t\t\t<div class=\"elementor-element elementor-element-60503d6 elementor-widget elementor-widget-emaurri_core_single_image\" data-id=\"60503d6\" data-element_type=\"widget\" data-e-type=\"widget\" data-widget_type=\"emaurri_core_single_image.default\">\n\t\t\t\t<div class=\"elementor-widget-container\">\n\t\t\t\t\t<div class=\"qodef-shortcode qodef-m  qodef-single-image qodef-layout--default \">\n\t<div class=\"qodef-m-image\">\n\t\t\t<img fetchpriority=\"high\" decoding=\"async\" width=\"1100\" height=\"1468\" src=\"https:\/\/newdigital.media\/wp-content\/uploads\/2021\/01\/p4-img1.jpg\" class=\"attachment-full size-full\" alt=\"a\" srcset=\"https:\/\/newdigital.media\/wp-content\/uploads\/2021\/01\/p4-img1.jpg 1100w, https:\/\/newdigital.media\/wp-content\/uploads\/2021\/01\/p4-img1-225x300.jpg 225w, https:\/\/newdigital.media\/wp-content\/uploads\/2021\/01\/p4-img1-767x1024.jpg 767w, https:\/\/newdigital.media\/wp-content\/uploads\/2021\/01\/p4-img1-768x1025.jpg 768w\" sizes=\"(max-width: 1100px) 100vw, 1100px\" \/>\t<\/div>\n<\/div>\n\t\t\t\t<\/div>\n\t\t\t\t<\/div>\n\t\t\t\t\t<\/div>\n\t\t<\/div>\n\t\t\t\t<div class=\"elementor-column elementor-col-50 elementor-top-column elementor-element elementor-element-9c83512\" data-id=\"9c83512\" data-element_type=\"column\" data-e-type=\"column\">\n\t\t\t<div class=\"elementor-widget-wrap elementor-element-populated\">\n\t\t\t\t\t\t<div class=\"elementor-element elementor-element-cec0ca9 elementor-widget elementor-widget-emaurri_core_section_title\" data-id=\"cec0ca9\" data-element_type=\"widget\" data-e-type=\"widget\" data-widget_type=\"emaurri_core_section_title.default\">\n\t\t\t\t<div class=\"elementor-widget-container\">\n\t\t\t\t\t<div class=\"qodef-shortcode qodef-m  qodef-section-title qodef-alignment--left \">\n\t\t\t<h3 class=\"qodef-m-title\" >\n\t\t\t\t\tNewdigital\t\t\t<\/h3>\n\t<\/div>\n\t\t\t\t<\/div>\n\t\t\t\t<\/div>\n\t\t\t\t<section class=\"elementor-section elementor-inner-section elementor-element elementor-element-0cf6ff3 elementor-section-full_width elementor-section-height-default elementor-section-height-default qodef-elementor-content-no\" data-id=\"0cf6ff3\" data-element_type=\"section\" data-e-type=\"section\">\n\t\t\t\t\t\t<div class=\"elementor-container elementor-column-gap-default\">\n\t\t\t\t\t<div class=\"elementor-column elementor-col-100 elementor-inner-column elementor-element elementor-element-1f51092\" data-id=\"1f51092\" data-element_type=\"column\" data-e-type=\"column\">\n\t\t\t<div class=\"elementor-widget-wrap elementor-element-populated\">\n\t\t\t\t\t\t<div class=\"elementor-element elementor-element-497ac07 elementor-widget elementor-widget-text-editor\" data-id=\"497ac07\" data-element_type=\"widget\" data-e-type=\"widget\" data-widget_type=\"text-editor.default\">\n\t\t\t\t<div class=\"elementor-widget-container\">\n\t\t\t\t\t\t\t\t\t<h6>Tel\u00e9fono:<\/h6>\t\t\t\t\t\t\t\t<\/div>\n\t\t\t\t<\/div>\n\t\t\t\t<div class=\"elementor-element elementor-element-650a632 elementor-widget elementor-widget-text-editor\" data-id=\"650a632\" data-element_type=\"widget\" data-e-type=\"widget\" data-widget_type=\"text-editor.default\">\n\t\t\t\t<div class=\"elementor-widget-container\">\n\t\t\t\t\t\t\t\t\t<p><a href=\"tel:0034635443530\">+(0034) 635 44 35 30<\/a><\/p>\t\t\t\t\t\t\t\t<\/div>\n\t\t\t\t<\/div>\n\t\t\t\t\t<\/div>\n\t\t<\/div>\n\t\t\t\t\t<\/div>\n\t\t<\/section>\n\t\t\t\t<section class=\"elementor-section elementor-inner-section elementor-element elementor-element-59fa8bb elementor-section-full_width elementor-section-height-default elementor-section-height-default qodef-elementor-content-no\" data-id=\"59fa8bb\" data-element_type=\"section\" data-e-type=\"section\">\n\t\t\t\t\t\t<div class=\"elementor-container elementor-column-gap-default\">\n\t\t\t\t\t<div class=\"elementor-column elementor-col-100 elementor-inner-column elementor-element elementor-element-648c69e\" data-id=\"648c69e\" data-element_type=\"column\" data-e-type=\"column\">\n\t\t\t<div class=\"elementor-widget-wrap elementor-element-populated\">\n\t\t\t\t\t\t<div class=\"elementor-element elementor-element-6f54bea elementor-widget elementor-widget-text-editor\" data-id=\"6f54bea\" data-element_type=\"widget\" data-e-type=\"widget\" data-widget_type=\"text-editor.default\">\n\t\t\t\t<div class=\"elementor-widget-container\">\n\t\t\t\t\t\t\t\t\t<h6>Direcci\u00f3n:<\/h6>\t\t\t\t\t\t\t\t<\/div>\n\t\t\t\t<\/div>\n\t\t\t\t<div class=\"elementor-element elementor-element-7e5b42e elementor-widget__width-initial elementor-widget elementor-widget-text-editor\" data-id=\"7e5b42e\" data-element_type=\"widget\" data-e-type=\"widget\" data-widget_type=\"text-editor.default\">\n\t\t\t\t<div class=\"elementor-widget-container\">\n\t\t\t\t\t\t\t\t\t<p>Antonio el Bailar\u00edn, 13, Nueva Andaluc\u00eda, 29660 Marbella<\/p>\t\t\t\t\t\t\t\t<\/div>\n\t\t\t\t<\/div>\n\t\t\t\t\t<\/div>\n\t\t<\/div>\n\t\t\t\t\t<\/div>\n\t\t<\/section>\n\t\t\t\t<section class=\"elementor-section elementor-inner-section elementor-element elementor-element-29631c3 elementor-section-full_width elementor-section-height-default elementor-section-height-default qodef-elementor-content-no\" data-id=\"29631c3\" data-element_type=\"section\" data-e-type=\"section\">\n\t\t\t\t\t\t<div class=\"elementor-container elementor-column-gap-default\">\n\t\t\t\t\t<div class=\"elementor-column elementor-col-100 elementor-inner-column elementor-element elementor-element-85ee1df\" data-id=\"85ee1df\" data-element_type=\"column\" data-e-type=\"column\">\n\t\t\t<div class=\"elementor-widget-wrap elementor-element-populated\">\n\t\t\t\t\t\t<div class=\"elementor-element elementor-element-c5b87ad elementor-widget elementor-widget-text-editor\" data-id=\"c5b87ad\" data-element_type=\"widget\" data-e-type=\"widget\" data-widget_type=\"text-editor.default\">\n\t\t\t\t<div class=\"elementor-widget-container\">\n\t\t\t\t\t\t\t\t\t<h6>Correo electr\u00f3nico:<\/h6>\t\t\t\t\t\t\t\t<\/div>\n\t\t\t\t<\/div>\n\t\t\t\t<div class=\"elementor-element elementor-element-c054690 elementor-widget elementor-widget-text-editor\" data-id=\"c054690\" data-element_type=\"widget\" data-e-type=\"widget\" data-widget_type=\"text-editor.default\">\n\t\t\t\t<div class=\"elementor-widget-container\">\n\t\t\t\t\t\t\t\t\t<p><a href=\"mailto:hello@newdigital.media\">hello@newdigital.media<\/a><\/p>\t\t\t\t\t\t\t\t<\/div>\n\t\t\t\t<\/div>\n\t\t\t\t\t<\/div>\n\t\t<\/div>\n\t\t\t\t\t<\/div>\n\t\t<\/section>\n\t\t\t\t<section class=\"elementor-section elementor-inner-section elementor-element elementor-element-d25763c elementor-section-full_width elementor-section-height-default elementor-section-height-default qodef-elementor-content-no\" data-id=\"d25763c\" data-element_type=\"section\" data-e-type=\"section\">\n\t\t\t\t\t\t<div class=\"elementor-container elementor-column-gap-default\">\n\t\t\t\t\t<div class=\"elementor-column elementor-col-100 elementor-inner-column elementor-element elementor-element-dad5e53\" data-id=\"dad5e53\" data-element_type=\"column\" data-e-type=\"column\">\n\t\t\t<div class=\"elementor-widget-wrap elementor-element-populated\">\n\t\t\t\t\t\t<div class=\"elementor-element elementor-element-acdc934 elementor-widget elementor-widget-text-editor\" data-id=\"acdc934\" data-element_type=\"widget\" data-e-type=\"widget\" data-widget_type=\"text-editor.default\">\n\t\t\t\t<div class=\"elementor-widget-container\">\n\t\t\t\t\t\t\t\t\t<h6>S\u00edguenos:<\/h6>\t\t\t\t\t\t\t\t<\/div>\n\t\t\t\t<\/div>\n\t\t\t\t<div class=\"elementor-element elementor-element-b70cce6 elementor-widget elementor-widget-wp-widget-emaurri_core_social_text\" data-id=\"b70cce6\" data-element_type=\"widget\" data-e-type=\"widget\" data-widget_type=\"wp-widget-emaurri_core_social_text.default\">\n\t\t\t\t<div class=\"elementor-widget-container\">\n\t\t\t\t\t<div  class=\"qodef-social-text\"><a    href=\"https:\/\/www.instagram.com\/newdigital.media\/\" target=\"_blank\" class=\"qodef-social-text-link\">ig.<\/a><a    href=\"https:\/\/www.youtube.com\/@newdigital-media\" target=\"_blank\" class=\"qodef-social-text-link\">YT.<\/a><\/div>\t\t\t\t<\/div>\n\t\t\t\t<\/div>\n\t\t\t\t\t<\/div>\n\t\t<\/div>\n\t\t\t\t\t<\/div>\n\t\t<\/section>\n\t\t\t\t\t<\/div>\n\t\t<\/div>\n\t\t\t\t\t<\/div>\n\t\t<\/section>\n\t\t\t\t<section class=\"elementor-section elementor-top-section elementor-element elementor-element-273a4bc elementor-section-full_width qodef-elementor-content-grid elementor-section-height-default elementor-section-height-default\" data-id=\"273a4bc\" data-element_type=\"section\" data-e-type=\"section\">\n\t\t\t\t\t\t<div class=\"elementor-container elementor-column-gap-default\">\n\t\t\t\t\t<div class=\"elementor-column elementor-col-50 elementor-top-column elementor-element elementor-element-b4a9e3c\" data-id=\"b4a9e3c\" data-element_type=\"column\" data-e-type=\"column\">\n\t\t\t<div class=\"elementor-widget-wrap elementor-element-populated\">\n\t\t\t\t\t\t<div class=\"elementor-element elementor-element-0f84ccc elementor-widget elementor-widget-text-editor\" data-id=\"0f84ccc\" data-element_type=\"widget\" data-e-type=\"widget\" data-widget_type=\"text-editor.default\">\n\t\t\t\t<div class=\"elementor-widget-container\">\n\t\t\t\t\t\t\t\t\t<h2>Iniciar un nuevo proyecto<\/h2>\t\t\t\t\t\t\t\t<\/div>\n\t\t\t\t<\/div>\n\t\t\t\t<div class=\"elementor-element elementor-element-f8d5128 elementor-widget__width-initial elementor-widget elementor-widget-text-editor\" data-id=\"f8d5128\" data-element_type=\"widget\" data-e-type=\"widget\" data-widget_type=\"text-editor.default\">\n\t\t\t\t<div class=\"elementor-widget-container\">\n\t\t\t\t\t\t\t\t\t<p data-pm-slice=\"1 1 []\">\u00bfListo para elevar tu marca? En Newdigital nos especializamos en crear soluciones de marketing de alto impacto que generen resultados. <\/p><p data-pm-slice=\"1 1 []\">Tanto si se trata de una videograf\u00eda impresionante, una fotograf\u00eda cautivadora, un SEO potente, un marketing de contenidos espec\u00edfico o estrategias din\u00e1micas en las redes sociales, nuestro equipo est\u00e1 aqu\u00ed para dar vida a tu visi\u00f3n.<\/p><p data-pm-slice=\"1 1 []\">Ponte en contacto con nosotros hoy mismo y exploremos c\u00f3mo podemos hacer que tu pr\u00f3ximo proyecto sea un \u00e9xito. \u00a1Estamos deseando colaborar contigo! <\/p>\t\t\t\t\t\t\t\t<\/div>\n\t\t\t\t<\/div>\n\t\t\t\t\t<\/div>\n\t\t<\/div>\n\t\t\t\t<div class=\"elementor-column elementor-col-50 elementor-top-column elementor-element elementor-element-b9eaee2\" data-id=\"b9eaee2\" data-element_type=\"column\" data-e-type=\"column\">\n\t\t\t<div class=\"elementor-widget-wrap elementor-element-populated\">\n\t\t\t\t\t\t<div class=\"elementor-element elementor-element-566d990 elementor-widget elementor-widget-wp-widget-emaurri_core_contact_form_7\" data-id=\"566d990\" data-element_type=\"widget\" data-e-type=\"widget\" data-widget_type=\"wp-widget-emaurri_core_contact_form_7.default\">\n\t\t\t\t<div class=\"elementor-widget-container\">\n\t\t\t\t\t\t\t\t<div class=\"qodef-contact-form-7\">\n\t\t\t\t\n<div class=\"wpcf7 no-js\" id=\"wpcf7-f7993-o1\" lang=\"en-US\" dir=\"ltr\" data-wpcf7-id=\"7993\">\n<div class=\"screen-reader-response\"><p role=\"status\" aria-live=\"polite\" aria-atomic=\"true\"><\/p> <ul><\/ul><\/div>\n<form action=\"\/es\/wp-json\/wp\/v2\/pages\/10257#wpcf7-f7993-o1\" method=\"post\" class=\"wpcf7-form init\" aria-label=\"Contact form\" novalidate=\"novalidate\" data-status=\"init\">\n<fieldset class=\"hidden-fields-container\"><input type=\"hidden\" name=\"_wpcf7\" value=\"7993\" \/><input type=\"hidden\" name=\"_wpcf7_version\" value=\"6.1.5\" \/><input type=\"hidden\" name=\"_wpcf7_locale\" value=\"en_US\" \/><input type=\"hidden\" name=\"_wpcf7_unit_tag\" value=\"wpcf7-f7993-o1\" \/><input type=\"hidden\" name=\"_wpcf7_container_post\" value=\"0\" \/><input type=\"hidden\" name=\"_wpcf7_posted_data_hash\" value=\"\" \/>\n<\/fieldset>\n<div class=\"qodef-standard-contact-form\">\n<span class=\"wpcf7-form-control-wrap\" data-name=\"your-name\"><input size=\"40\" maxlength=\"400\" class=\"wpcf7-form-control wpcf7-text wpcf7-validates-as-required\" aria-required=\"true\" aria-invalid=\"false\" placeholder=\"first name...\" value=\"\" type=\"text\" name=\"your-name\" \/><\/span>\n<span class=\"wpcf7-form-control-wrap\" data-name=\"your-email\"><input size=\"40\" maxlength=\"400\" class=\"wpcf7-form-control wpcf7-email wpcf7-validates-as-required wpcf7-text wpcf7-validates-as-email\" aria-required=\"true\" aria-invalid=\"false\" placeholder=\"email...\" value=\"\" type=\"email\" name=\"your-email\" \/><\/span>\n<span class=\"wpcf7-form-control-wrap\" data-name=\"company\"><input size=\"40\" maxlength=\"400\" class=\"wpcf7-form-control wpcf7-text\" aria-invalid=\"false\" placeholder=\"company...\" value=\"\" type=\"text\" name=\"company\" \/><\/span>\n<span class=\"wpcf7-form-control-wrap\" data-name=\"your-message\"><textarea cols=\"40\" rows=\"10\" maxlength=\"2000\" class=\"wpcf7-form-control wpcf7-textarea\" aria-invalid=\"false\" placeholder=\"write a message...\" name=\"your-message\"><\/textarea><\/span>\n<button class=\"wpcf7-form-control wpcf7-submit qodef-button qodef-size--normal qodef-layout--outlined qodef-m\" type=\"submit\"><span class=\"qodef-m-text\">Submit<\/span>\n            <span class=\"qodef-m-corner qodef--top-left\"><\/span>\n            <span class=\"qodef-m-corner qodef--top-right\"><\/span>\n            <span class=\"qodef-m-corner qodef--bottom-left\"><\/span>\n            <span class=\"qodef-m-corner qodef--bottom-right\"><\/span>\n\t\t\t<span class=\"qodef-m-btn-line qodef-btn-line--top\"><\/span>\n\t\t\t<span class=\"qodef-m-btn-line qodef-btn-line--right\"><\/span>\n\t\t\t<span class=\"qodef-m-btn-line qodef-btn-line--bottom\"><\/span>\n\t\t\t<span class=\"qodef-m-btn-line qodef-btn-line--left\"><\/span><\/button>\n<\/div><p style=\"display: none !important;\" class=\"akismet-fields-container\" data-prefix=\"_wpcf7_ak_\"><label>&#916;<textarea name=\"_wpcf7_ak_hp_textarea\" cols=\"45\" rows=\"8\" maxlength=\"100\"><\/textarea><\/label><input type=\"hidden\" id=\"ak_js_1\" name=\"_wpcf7_ak_js\" value=\"232\"\/><script type=\"text\/javascript\">\n\/* <![CDATA[ *\/\ndocument.getElementById( \"ak_js_1\" ).setAttribute( \"value\", ( new Date() ).getTime() );\n\/* ]]> *\/\n<\/script>\n<\/p><div class=\"wpcf7-response-output\" aria-hidden=\"true\"><\/div>\n<\/form>\n<\/div>\n\t\t\t<\/div>\n\t\t\t\t\t\t\t<\/div>\n\t\t\t\t<\/div>\n\t\t\t\t\t<\/div>\n\t\t<\/div>\n\t\t\t\t\t<\/div>\n\t\t<\/section>\n\t\t\t\t<\/div>\n\t\t","protected":false},"excerpt":{"rendered":"<p>Newdigital Tel\u00e9fono: +(0034) 635 44 35 30 Direcci\u00f3n: Antonio el Bailar\u00edn, 13, Nueva Andaluc\u00eda, 29660 Marbella Correo electr\u00f3nico: hello@newdigital.media S\u00edguenos: Iniciar un nuevo proyecto \u00bfListo para elevar tu marca? En Newdigital nos especializamos en crear soluciones de marketing de alto impacto que generen resultados. Tanto si se trata de una videograf\u00eda impresionante, una fotograf\u00eda cautivadora, [&hellip;]<\/p>\n","protected":false},"author":1,"featured_media":0,"parent":0,"menu_order":0,"comment_status":"closed","ping_status":"closed","template":"page-full-width.php","meta":{"inline_featured_image":false,"footnotes":""},"class_list":["post-10257","page","type-page","status-publish","hentry"],"yoast_head":"<!-- This site is optimized with the Yoast SEO plugin v27.5 - https:\/\/yoast.com\/product\/yoast-seo-wordpress\/ -->\n<title>Contacto - Newdigital<\/title>\n<meta name=\"robots\" content=\"index, follow, max-snippet:-1, max-image-preview:large, max-video-preview:-1\" \/>\n<link rel=\"canonical\" href=\"https:\/\/newdigital.media\/es\/contacto\/\" \/>\n<meta property=\"og:locale\" content=\"es_ES\" \/>\n<meta property=\"og:type\" content=\"article\" \/>\n<meta property=\"og:title\" content=\"Contacto - Newdigital\" \/>\n<meta property=\"og:description\" content=\"Newdigital Tel\u00e9fono: +(0034) 635 44 35 30 Direcci\u00f3n: Antonio el Bailar\u00edn, 13, Nueva Andaluc\u00eda, 29660 Marbella Correo electr\u00f3nico: hello@newdigital.media S\u00edguenos: Iniciar un nuevo proyecto \u00bfListo para elevar tu marca? En Newdigital nos especializamos en crear soluciones de marketing de alto impacto que generen resultados. Tanto si se trata de una videograf\u00eda impresionante, una fotograf\u00eda cautivadora, [&hellip;]\" \/>\n<meta property=\"og:url\" content=\"https:\/\/newdigital.media\/es\/contacto\/\" \/>\n<meta property=\"og:site_name\" content=\"Newdigital\" \/>\n<meta property=\"article:modified_time\" content=\"2025-04-23T18:55:45+00:00\" \/>\n<meta property=\"og:image\" content=\"https:\/\/newdigital.media\/wp-content\/uploads\/2021\/01\/p4-img1.jpg\" \/>\n<meta name=\"twitter:card\" content=\"summary_large_image\" \/>\n<meta name=\"twitter:label1\" content=\"Tiempo de lectura\" \/>\n\t<meta name=\"twitter:data1\" content=\"1 minuto\" \/>\n<script type=\"application\/ld+json\" class=\"yoast-schema-graph\">{\"@context\":\"https:\\\/\\\/schema.org\",\"@graph\":[{\"@type\":\"WebPage\",\"@id\":\"https:\\\/\\\/newdigital.media\\\/es\\\/contacto\\\/\",\"url\":\"https:\\\/\\\/newdigital.media\\\/es\\\/contacto\\\/\",\"name\":\"Contacto - Newdigital\",\"isPartOf\":{\"@id\":\"https:\\\/\\\/newdigital.media\\\/#website\"},\"primaryImageOfPage\":{\"@id\":\"https:\\\/\\\/newdigital.media\\\/es\\\/contacto\\\/#primaryimage\"},\"image\":{\"@id\":\"https:\\\/\\\/newdigital.media\\\/es\\\/contacto\\\/#primaryimage\"},\"thumbnailUrl\":\"https:\\\/\\\/newdigital.media\\\/wp-content\\\/uploads\\\/2021\\\/01\\\/p4-img1.jpg\",\"datePublished\":\"2021-01-04T10:35:55+00:00\",\"dateModified\":\"2025-04-23T18:55:45+00:00\",\"breadcrumb\":{\"@id\":\"https:\\\/\\\/newdigital.media\\\/es\\\/contacto\\\/#breadcrumb\"},\"inLanguage\":\"es\",\"potentialAction\":[{\"@type\":\"ReadAction\",\"target\":[\"https:\\\/\\\/newdigital.media\\\/es\\\/contacto\\\/\"]}]},{\"@type\":\"ImageObject\",\"inLanguage\":\"es\",\"@id\":\"https:\\\/\\\/newdigital.media\\\/es\\\/contacto\\\/#primaryimage\",\"url\":\"https:\\\/\\\/newdigital.media\\\/wp-content\\\/uploads\\\/2021\\\/01\\\/p4-img1.jpg\",\"contentUrl\":\"https:\\\/\\\/newdigital.media\\\/wp-content\\\/uploads\\\/2021\\\/01\\\/p4-img1.jpg\"},{\"@type\":\"BreadcrumbList\",\"@id\":\"https:\\\/\\\/newdigital.media\\\/es\\\/contacto\\\/#breadcrumb\",\"itemListElement\":[{\"@type\":\"ListItem\",\"position\":1,\"name\":\"Home\",\"item\":\"https:\\\/\\\/newdigital.media\\\/\"},{\"@type\":\"ListItem\",\"position\":2,\"name\":\"Contacto\"}]},{\"@type\":\"WebSite\",\"@id\":\"https:\\\/\\\/newdigital.media\\\/#website\",\"url\":\"https:\\\/\\\/newdigital.media\\\/\",\"name\":\"Newdigital\",\"description\":\"Top Digital Media Solutions in Marbella &amp; Malaga\",\"potentialAction\":[{\"@type\":\"SearchAction\",\"target\":{\"@type\":\"EntryPoint\",\"urlTemplate\":\"https:\\\/\\\/newdigital.media\\\/?s={search_term_string}\"},\"query-input\":{\"@type\":\"PropertyValueSpecification\",\"valueRequired\":true,\"valueName\":\"search_term_string\"}}],\"inLanguage\":\"es\"}]}<\/script>\n<!-- \/ Yoast SEO plugin. -->","yoast_head_json":{"title":"Contacto - Newdigital","robots":{"index":"index","follow":"follow","max-snippet":"max-snippet:-1","max-image-preview":"max-image-preview:large","max-video-preview":"max-video-preview:-1"},"canonical":"https:\/\/newdigital.media\/es\/contacto\/","og_locale":"es_ES","og_type":"article","og_title":"Contacto - Newdigital","og_description":"Newdigital Tel\u00e9fono: +(0034) 635 44 35 30 Direcci\u00f3n: Antonio el Bailar\u00edn, 13, Nueva Andaluc\u00eda, 29660 Marbella Correo electr\u00f3nico: hello@newdigital.media S\u00edguenos: Iniciar un nuevo proyecto \u00bfListo para elevar tu marca? En Newdigital nos especializamos en crear soluciones de marketing de alto impacto que generen resultados. Tanto si se trata de una videograf\u00eda impresionante, una fotograf\u00eda cautivadora, [&hellip;]","og_url":"https:\/\/newdigital.media\/es\/contacto\/","og_site_name":"Newdigital","article_modified_time":"2025-04-23T18:55:45+00:00","og_image":[{"url":"https:\/\/newdigital.media\/wp-content\/uploads\/2021\/01\/p4-img1.jpg","type":"","width":"","height":""}],"twitter_card":"summary_large_image","twitter_misc":{"Tiempo de lectura":"1 minuto"},"schema":{"@context":"https:\/\/schema.org","@graph":[{"@type":"WebPage","@id":"https:\/\/newdigital.media\/es\/contacto\/","url":"https:\/\/newdigital.media\/es\/contacto\/","name":"Contacto - Newdigital","isPartOf":{"@id":"https:\/\/newdigital.media\/#website"},"primaryImageOfPage":{"@id":"https:\/\/newdigital.media\/es\/contacto\/#primaryimage"},"image":{"@id":"https:\/\/newdigital.media\/es\/contacto\/#primaryimage"},"thumbnailUrl":"https:\/\/newdigital.media\/wp-content\/uploads\/2021\/01\/p4-img1.jpg","datePublished":"2021-01-04T10:35:55+00:00","dateModified":"2025-04-23T18:55:45+00:00","breadcrumb":{"@id":"https:\/\/newdigital.media\/es\/contacto\/#breadcrumb"},"inLanguage":"es","potentialAction":[{"@type":"ReadAction","target":["https:\/\/newdigital.media\/es\/contacto\/"]}]},{"@type":"ImageObject","inLanguage":"es","@id":"https:\/\/newdigital.media\/es\/contacto\/#primaryimage","url":"https:\/\/newdigital.media\/wp-content\/uploads\/2021\/01\/p4-img1.jpg","contentUrl":"https:\/\/newdigital.media\/wp-content\/uploads\/2021\/01\/p4-img1.jpg"},{"@type":"BreadcrumbList","@id":"https:\/\/newdigital.media\/es\/contacto\/#breadcrumb","itemListElement":[{"@type":"ListItem","position":1,"name":"Home","item":"https:\/\/newdigital.media\/"},{"@type":"ListItem","position":2,"name":"Contacto"}]},{"@type":"WebSite","@id":"https:\/\/newdigital.media\/#website","url":"https:\/\/newdigital.media\/","name":"Newdigital","description":"Top Digital Media Solutions in Marbella &amp; Malaga","potentialAction":[{"@type":"SearchAction","target":{"@type":"EntryPoint","urlTemplate":"https:\/\/newdigital.media\/?s={search_term_string}"},"query-input":{"@type":"PropertyValueSpecification","valueRequired":true,"valueName":"search_term_string"}}],"inLanguage":"es"}]}},"_links":{"self":[{"href":"https:\/\/newdigital.media\/es\/wp-json\/wp\/v2\/pages\/10257","targetHints":{"allow":["GET"]}}],"collection":[{"href":"https:\/\/newdigital.media\/es\/wp-json\/wp\/v2\/pages"}],"about":[{"href":"https:\/\/newdigital.media\/es\/wp-json\/wp\/v2\/types\/page"}],"author":[{"embeddable":true,"href":"https:\/\/newdigital.media\/es\/wp-json\/wp\/v2\/users\/1"}],"replies":[{"embeddable":true,"href":"https:\/\/newdigital.media\/es\/wp-json\/wp\/v2\/comments?post=10257"}],"version-history":[{"count":4,"href":"https:\/\/newdigital.media\/es\/wp-json\/wp\/v2\/pages\/10257\/revisions"}],"predecessor-version":[{"id":10261,"href":"https:\/\/newdigital.media\/es\/wp-json\/wp\/v2\/pages\/10257\/revisions\/10261"}],"wp:attachment":[{"href":"https:\/\/newdigital.media\/es\/wp-json\/wp\/v2\/media?parent=10257"}],"curies":[{"name":"wp","href":"https:\/\/api.w.org\/{rel}","templated":true}]}}